{"id":27,"date":"2020-09-22T06:21:34","date_gmt":"2020-09-22T06:21:34","guid":{"rendered":"https:\/\/her-ritt.hu\/?page_id=27"},"modified":"2025-04-09T05:50:52","modified_gmt":"2025-04-09T05:50:52","slug":"introduction","status":"publish","type":"page","link":"https:\/\/her-ritt.hu\/en\/bemutatkozas\/","title":{"rendered":"Introduction"},"content":{"rendered":"<div data-elementor-type=\"wp-page\" data-elementor-id=\"27\" class=\"elementor elementor-27\" data-elementor-post-type=\"page\">\n\t\t\t\t<main class=\"elementor-element elementor-element-713d0c3 e-flex e-con-boxed e-con e-parent\" data-id=\"713d0c3\" data-element_type=\"container\" data-e-type=\"container\" data-settings=\"{&quot;background_background&quot;:&quot;classic&quot;}\">\n\t\t\t\t\t<div class=\"e-con-inner\">\n\t\t<div class=\"elementor-element elementor-element-73bc505 e-con-full e-flex e-con e-child\" data-id=\"73bc505\" data-element_type=\"container\" data-e-type=\"container\" data-settings=\"{&quot;background_background&quot;:&quot;classic&quot;}\">\n\t\t\t\t<div class=\"elementor-element elementor-element-76ac2d2 elementor-widget elementor-widget-heading\" data-id=\"76ac2d2\" data-element_type=\"widget\" data-e-type=\"widget\" data-widget_type=\"heading.default\">\n\t\t\t\t\t<h1 class=\"elementor-heading-title elementor-size-default\">Introduction<\/h1>\t\t\t\t<\/div>\n\t\t\t\t<div class=\"elementor-element elementor-element-fdbea46 elementor-widget elementor-widget-text-editor\" data-id=\"fdbea46\" data-element_type=\"widget\" data-e-type=\"widget\" data-widget_type=\"text-editor.default\">\n\t\t\t\t\t\t\t\t\t<p id=\"block-5813b56d-4d26-4ad1-9178-325557264b1e\" class=\"wp-block-preformatted\">Her-Ritt Ltd. was established in 1995 as a family business, its main profile is the production and sale of agricultural products. In 1999 we planted 100 ha of Chasselas grapes, then in 2014 we changed direction towards the wine grapes due to the market effects and planted our first Cserszegi F\u0171szeres (The attribute f\u0171szeres means spicy) plantation.<\/p><p>From 2015, we are continuously replace the Chasselas plantation by changing the variety with a modern metal support system, we will reach the end of this process in autumn of 2021. We have also managed to expand the area over the years, so we are already cultivate 140 ha of vineyards to the best of our knowledge.<\/p><p class=\"wp-block-preformatted\">We have the extensive and modern machinery needed to cultivate the plantations, from pruning to harvesting. The plantations are located on the border of Kecel and Imrehegy, between the Danube and the Tisza (Duna Tisza k\u00f6ze Region), in B\u00e1cs-Kiskun county.<\/p><p>The year 2018 was a big turning point when the 2nd phase of the change direction has started, with the construction of its own winery. We took the difficulties successfully and in 2019 our first grape processing of our own occured. After the change of plantations, we are constantly planning to\nexpand and develop the winery. With winemaking, we aim to produce possibly the best quality of wine under the given conditions, with continuous learning and technological development.<\/p><p>Our business operates completely in a family way, our parents have more than 40 years of experience in viticulture, which is constantly handed over to us, and we learn winemaking together with great enthusiasm.<\/p><p><em>Herczeg family<\/em><\/p>\t\t\t\t\t\t\t\t<\/div>\n\t\t\t\t<\/div>\n\t\t\t\t\t<\/div>\n\t\t\t\t<\/main>\n\t\t\t\t<\/div>","protected":false},"excerpt":{"rendered":"<p>Bemutatkoz\u00e1s A Her-Ritt Kft. 1995-ben alakult meg csal\u00e1di v\u00e1llalkoz\u00e1sk\u00e9nt, f\u0151profilja a mez\u0151gazdas\u00e1gi term\u00e9kek termel\u00e9se, valamint \u00e9rt\u00e9kes\u00edt\u00e9se. 1999-ben 100 ha Chasselas csemegesz\u0151l\u0151t telep\u00edtett\u00fcnk, majd 2014-ben a piaci hat\u00e1sok miatt ir\u00e1nyt v\u00e1ltottunk a borsz\u0151l\u0151k fel\u00e9 \u00e9s el\u00fcltett\u00fck az els\u0151 Cserszegi F\u0171szeres \u00fcltetv\u00e9ny\u00fcnket. 2015-t\u0151l kezdve folyamatosan fajtav\u00e1lt\u00e1ssal cser\u00e9lj\u00fck ki a Chasselas \u00fcltetv\u00e9nyt korszer\u0171 f\u00e9m t\u00e1mrendszerrel, ennek a folyamatnak [&hellip;]<\/p>\n","protected":false},"author":1,"featured_media":0,"parent":0,"menu_order":0,"comment_status":"closed","ping_status":"closed","template":"elementor_header_footer","meta":{"_acf_changed":false,"_seopress_robots_primary_cat":"","_seopress_titles_title":"","_seopress_titles_desc":"","_seopress_robots_index":"","_monsterinsights_skip_tracking":false,"_monsterinsights_sitenote_active":false,"_monsterinsights_sitenote_note":"","_monsterinsights_sitenote_category":0,"footnotes":""},"class_list":["post-27","page","type-page","status-publish"],"acf":[],"_links":{"self":[{"href":"https:\/\/her-ritt.hu\/en\/wp-json\/wp\/v2\/pages\/27","targetHints":{"allow":["GET"]}}],"collection":[{"href":"https:\/\/her-ritt.hu\/en\/wp-json\/wp\/v2\/pages"}],"about":[{"href":"https:\/\/her-ritt.hu\/en\/wp-json\/wp\/v2\/types\/page"}],"author":[{"embeddable":true,"href":"https:\/\/her-ritt.hu\/en\/wp-json\/wp\/v2\/users\/1"}],"replies":[{"embeddable":true,"href":"https:\/\/her-ritt.hu\/en\/wp-json\/wp\/v2\/comments?post=27"}],"version-history":[{"count":0,"href":"https:\/\/her-ritt.hu\/en\/wp-json\/wp\/v2\/pages\/27\/revisions"}],"wp:attachment":[{"href":"https:\/\/her-ritt.hu\/en\/wp-json\/wp\/v2\/media?parent=27"}],"curies":[{"name":"wp","href":"https:\/\/api.w.org\/{rel}","templated":true}]}}