{"id":2,"date":"2020-09-21T14:38:23","date_gmt":"2020-09-21T14:38:23","guid":{"rendered":"https:\/\/her-ritt.hu\/?page_id=2"},"modified":"2025-05-23T08:30:40","modified_gmt":"2025-05-23T08:30:40","slug":"winery","status":"publish","type":"page","link":"https:\/\/her-ritt.hu\/en\/boraszat\/","title":{"rendered":"Winery"},"content":{"rendered":"<div data-elementor-type=\"wp-page\" data-elementor-id=\"2\" class=\"elementor elementor-2\" data-elementor-post-type=\"page\">\n\t\t\t\t<main class=\"elementor-element elementor-element-2b68b4a e-flex e-con-boxed e-con e-parent\" data-id=\"2b68b4a\" data-element_type=\"container\" data-e-type=\"container\" data-settings=\"{&quot;background_background&quot;:&quot;classic&quot;}\">\n\t\t\t\t\t<div class=\"e-con-inner\">\n\t\t<div class=\"elementor-element elementor-element-0f826fd e-con-full e-flex e-con e-child\" data-id=\"0f826fd\" data-element_type=\"container\" data-e-type=\"container\" data-settings=\"{&quot;background_background&quot;:&quot;classic&quot;}\">\n\t\t<div class=\"elementor-element elementor-element-c7ab506 e-con-full e-flex e-con e-child\" data-id=\"c7ab506\" data-element_type=\"container\" data-e-type=\"container\" data-settings=\"{&quot;background_background&quot;:&quot;classic&quot;}\">\n\t\t\t\t<div class=\"elementor-element elementor-element-4ba1e2d elementor-widget elementor-widget-text-editor\" data-id=\"4ba1e2d\" data-element_type=\"widget\" data-e-type=\"widget\" data-widget_type=\"text-editor.default\">\n\t\t\t\t\t\t\t\t\t<p>The planning phase of our winery started in 2018 and the actual construction started in February 2019.<br \/>From the first minute, the goal was quality winemaking, so we voted for Reductive * technology, we also choose our machines with this in mind.<br \/>We harvest ourselves, so we can fully control the time and amount of picking. This results that the picked grapes within 3-4 hours are chilled, ready as treated must, and waiting to be cleaned, which is done by flotation technique.<br \/>The capacity of the investment realized in the first round has reached its limits this year, therefore the harvest in 2021, and the vineyards, will be constantly in line with the wine-growing capacity.<\/p><p>As a matter of course, we are also working on to develop a stable customer base, and looking for opportunities both at home and abroad.<\/p><p>What is this reductive technology?<\/p><p>Put simply, it is the opposite of the oxidative process, that is wine made by excluding air and omitting oxidative processes. (An essential element of winemaking is the extension of must to wine.)<br \/>Of course, this cannot really take place in a barrel (air enters between the barrel staves, see micro-oxidation), so in most cases the process takes place in a steel tank.<br \/>The essence of the reductive process is to preserve the primary aromas of the fruit in the wine. During the fermentation of the must, heat is generated, so it can heat up to 40 degrees.<br \/>In this environment however, the fresh scent and fruity aromas are disappear. To avoid this, fermentation takes place in double-walled steel tanks,<br \/>which is constantly controlled by a cooling system and does not allow it to rise above 15-18 degrees.<br \/>However, must needs yeasts, as these very useful organisms convert the sugar in must into alcohol.<br \/>Yeasts have been living in wine cellars for decades or centuries, however, the 21st century science already allows us to select the most suitable yeast for the given wine (these are the species yeasts) and ferment the wine in a controlled manner.<br \/>So that means they don\u2019t leave to chance what kind of wine to be made.<\/p>\t\t\t\t\t\t\t\t<\/div>\n\t\t\t\t<div class=\"elementor-element elementor-element-dbb98d5 elementor-align-center elementor-widget elementor-widget-button\" data-id=\"dbb98d5\" data-element_type=\"widget\" data-e-type=\"widget\" data-widget_type=\"button.default\">\n\t\t\t\t\t\t\t\t\t\t<a class=\"elementor-button elementor-button-link elementor-size-sm\" href=\"#\">\n\t\t\t\t\t\t<span class=\"elementor-button-content-wrapper\">\n\t\t\t\t\t\t\t\t\t<span class=\"elementor-button-text\">Our available wines<\/span>\n\t\t\t\t\t<\/span>\n\t\t\t\t\t<\/a>\n\t\t\t\t\t\t\t\t<\/div>\n\t\t\t\t<\/div>\n\t\t\t\t<\/div>\n\t\t\t\t\t<\/div>\n\t\t\t\t<\/main>\n\t\t\t\t<\/div>","protected":false},"excerpt":{"rendered":"<p>Bor\u00e1szatunk tervez\u00e9si f\u00e1zisa 2018-ban kezd\u0151d\u00f6tt el \u00e9s a t\u00e9nyleges kivitelez\u00e9s 2019 febru\u00e1rj\u00e1ban indult meg.Els\u0151 perct\u0151l fogva a c\u00e9l a min\u0151s\u00e9gi bork\u00e9sz\u00edt\u00e9s volt, \u00edgy a Redukt\u00edv* technol\u00f3gia mellett tett\u00fck le a voksunkat, ezt figyelembe v\u00e9ve v\u00e1lasztottuk ki g\u00e9peinket is.Saj\u00e1t magunk sz\u00fcretel\u00fcnk, ez\u00e9rt teljes m\u00e9rt\u00e9kben tudjuk szab\u00e1lyozni a szed\u00e9s idej\u00e9t, a leszedett mennyis\u00e9get. Ez azt eredm\u00e9nyezi, hogy [&hellip;]<\/p>\n","protected":false},"author":1,"featured_media":0,"parent":0,"menu_order":0,"comment_status":"closed","ping_status":"open","template":"","meta":{"_acf_changed":false,"_seopress_robots_primary_cat":"","_seopress_titles_title":"","_seopress_titles_desc":"","_seopress_robots_index":"","_monsterinsights_skip_tracking":false,"_monsterinsights_sitenote_active":false,"_monsterinsights_sitenote_note":"","_monsterinsights_sitenote_category":0,"footnotes":""},"class_list":["post-2","page","type-page","status-publish"],"acf":[],"_links":{"self":[{"href":"https:\/\/her-ritt.hu\/en\/wp-json\/wp\/v2\/pages\/2","targetHints":{"allow":["GET"]}}],"collection":[{"href":"https:\/\/her-ritt.hu\/en\/wp-json\/wp\/v2\/pages"}],"about":[{"href":"https:\/\/her-ritt.hu\/en\/wp-json\/wp\/v2\/types\/page"}],"author":[{"embeddable":true,"href":"https:\/\/her-ritt.hu\/en\/wp-json\/wp\/v2\/users\/1"}],"replies":[{"embeddable":true,"href":"https:\/\/her-ritt.hu\/en\/wp-json\/wp\/v2\/comments?post=2"}],"version-history":[{"count":0,"href":"https:\/\/her-ritt.hu\/en\/wp-json\/wp\/v2\/pages\/2\/revisions"}],"wp:attachment":[{"href":"https:\/\/her-ritt.hu\/en\/wp-json\/wp\/v2\/media?parent=2"}],"curies":[{"name":"wp","href":"https:\/\/api.w.org\/{rel}","templated":true}]}}