{"id":27,"date":"2020-09-22T06:21:34","date_gmt":"2020-09-22T06:21:34","guid":{"rendered":"https:\/\/her-ritt.hu\/?page_id=27"},"modified":"2025-04-09T05:50:52","modified_gmt":"2025-04-09T05:50:52","slug":"vorstellung","status":"publish","type":"page","link":"https:\/\/her-ritt.hu\/de\/bemutatkozas\/","title":{"rendered":"Vorstellung"},"content":{"rendered":"<div data-elementor-type=\"wp-page\" data-elementor-id=\"27\" class=\"elementor elementor-27\" data-elementor-post-type=\"page\">\n\t\t\t\t<main class=\"elementor-element elementor-element-713d0c3 e-flex e-con-boxed e-con e-parent\" data-id=\"713d0c3\" data-element_type=\"container\" data-e-type=\"container\" data-settings=\"{&quot;background_background&quot;:&quot;classic&quot;}\">\n\t\t\t\t\t<div class=\"e-con-inner\">\n\t\t<div class=\"elementor-element elementor-element-73bc505 e-con-full e-flex e-con e-child\" data-id=\"73bc505\" data-element_type=\"container\" data-e-type=\"container\" data-settings=\"{&quot;background_background&quot;:&quot;classic&quot;}\">\n\t\t\t\t<div class=\"elementor-element elementor-element-76ac2d2 elementor-widget elementor-widget-heading\" data-id=\"76ac2d2\" data-element_type=\"widget\" data-e-type=\"widget\" data-widget_type=\"heading.default\">\n\t\t\t\t\t<h1 class=\"elementor-heading-title elementor-size-default\">Vorstellung<\/h1>\t\t\t\t<\/div>\n\t\t\t\t<div class=\"elementor-element elementor-element-fdbea46 elementor-widget elementor-widget-text-editor\" data-id=\"fdbea46\" data-element_type=\"widget\" data-e-type=\"widget\" data-widget_type=\"text-editor.default\">\n\t\t\t\t\t\t\t\t\t<p id=\"block-5813b56d-4d26-4ad1-9178-325557264b1e\" class=\"wp-block-preformatted\">Die Herritt GmbH wurde im Jahre 1995 als ein Familienunternehmen gegr\u00fcndet, ihr Hauptprofil ist Produktion und Verkauf von landwirtschaftlichen Produkten.\n\nWir haben 100 Hektaren Weingarten mit Chasselas Sorte als Tafeltraube angebaut.\n\nSp\u00e4ter mussten wir unseren Trend 2014  ver\u00e4ndern, wir haben zum Weinbau orientiert, weil die Verh\u00e4ltnisse auf dem Markt ver\u00e4ndert haben. Wir haben unseren ersten Gebiet mit der Sorte von Cserszeger Gew\u00fcrzig angebaut.<\/p><p>Von 2015 an tauschen wir auf dem Gebiet Chasselas das alte Strebensystem zu einem modernen Stahlsystem aus, diese Arbeit wird am Ende 2021 zu Ende kommen.\n\nUns hat es auch gelungen unsere Gebiete zu weitern, so arbeiten wir auf 140 Hektaren Weingarten nach unserem besten Wissen.<\/p><p class=\"wp-block-preformatted\">Wir verf\u00fcgen \u00fcber einen weitverbreiteten modernen Maschienenpark, von der ersten Schnittarbeiten bis zur Weinlese.\n\nUnsere Weing\u00e4rten befinden sich auf dem Rande von Imrehegy und Kecel, zwischen der Donau und der Theiss, im Komitat B\u00e1cs-Kiskun.<\/p><p>Das Jahr 2018 war der grosse Drehpunkt, zu dieser Zeit ist der zweite Schritt unseres Trendwechsels\n\ngestartet, wir haben unsere eigene Kellerei aufgabaut. Wir haben die Hindernisse erfolgreich \u00fcberwunden, und wir konnten 2019 unsere erste Weinverarbeitung machen.\n\nNachdem wir die neuen Weinsorten anbauen, m\u00f6chten wir die Kellerei erweitern und st\u00e4ndig modernisieren. Unser gr\u00f6sstes Ziel ist m\u00f6glichst die beste Weinproduktion unter den vorhandenen Umst\u00e4nden, w\u00e4hrend wir permanent lernen und die Technologie entwickeln.<\/p><p>Unsere Firma ist ein famili\u00e4risches Unternehmen, unsere Eltern verf\u00fcgen mehr als 40 Jahre Erfahrungen im Weinbau, die uns immer weiter gegeben werden, die Weinproduktion lernen wir alle zusammen mit einem grossen Fleiss.<\/p><p><em>Familie Herczeg<\/em><\/p>\t\t\t\t\t\t\t\t<\/div>\n\t\t\t\t<\/div>\n\t\t\t\t\t<\/div>\n\t\t\t\t<\/main>\n\t\t\t\t<\/div>","protected":false},"excerpt":{"rendered":"<p>Bemutatkoz\u00e1s A Her-Ritt Kft. 1995-ben alakult meg csal\u00e1di v\u00e1llalkoz\u00e1sk\u00e9nt, f\u0151profilja a mez\u0151gazdas\u00e1gi term\u00e9kek termel\u00e9se, valamint \u00e9rt\u00e9kes\u00edt\u00e9se. 1999-ben 100 ha Chasselas csemegesz\u0151l\u0151t telep\u00edtett\u00fcnk, majd 2014-ben a piaci hat\u00e1sok miatt ir\u00e1nyt v\u00e1ltottunk a borsz\u0151l\u0151k fel\u00e9 \u00e9s el\u00fcltett\u00fck az els\u0151 Cserszegi F\u0171szeres \u00fcltetv\u00e9ny\u00fcnket. 2015-t\u0151l kezdve folyamatosan fajtav\u00e1lt\u00e1ssal cser\u00e9lj\u00fck ki a Chasselas \u00fcltetv\u00e9nyt korszer\u0171 f\u00e9m t\u00e1mrendszerrel, ennek a folyamatnak [&hellip;]<\/p>\n","protected":false},"author":1,"featured_media":0,"parent":0,"menu_order":0,"comment_status":"closed","ping_status":"closed","template":"elementor_header_footer","meta":{"_acf_changed":false,"_seopress_robots_primary_cat":"","_seopress_titles_title":"","_seopress_titles_desc":"","_seopress_robots_index":"","_monsterinsights_skip_tracking":false,"_monsterinsights_sitenote_active":false,"_monsterinsights_sitenote_note":"","_monsterinsights_sitenote_category":0,"footnotes":""},"class_list":["post-27","page","type-page","status-publish"],"acf":[],"_links":{"self":[{"href":"https:\/\/her-ritt.hu\/de\/wp-json\/wp\/v2\/pages\/27","targetHints":{"allow":["GET"]}}],"collection":[{"href":"https:\/\/her-ritt.hu\/de\/wp-json\/wp\/v2\/pages"}],"about":[{"href":"https:\/\/her-ritt.hu\/de\/wp-json\/wp\/v2\/types\/page"}],"author":[{"embeddable":true,"href":"https:\/\/her-ritt.hu\/de\/wp-json\/wp\/v2\/users\/1"}],"replies":[{"embeddable":true,"href":"https:\/\/her-ritt.hu\/de\/wp-json\/wp\/v2\/comments?post=27"}],"version-history":[{"count":0,"href":"https:\/\/her-ritt.hu\/de\/wp-json\/wp\/v2\/pages\/27\/revisions"}],"wp:attachment":[{"href":"https:\/\/her-ritt.hu\/de\/wp-json\/wp\/v2\/media?parent=27"}],"curies":[{"name":"wp","href":"https:\/\/api.w.org\/{rel}","templated":true}]}}