{"id":20,"date":"2020-09-22T06:27:36","date_gmt":"2020-09-22T06:27:36","guid":{"rendered":"https:\/\/her-ritt.hu\/?page_id=20"},"modified":"2025-05-29T05:50:00","modified_gmt":"2025-05-29T05:50:00","slug":"szoleszet","status":"publish","type":"page","link":"https:\/\/her-ritt.hu\/de\/szoleszet\/","title":{"rendered":"Weinbau"},"content":{"rendered":"<div data-elementor-type=\"wp-post\" data-elementor-id=\"20\" class=\"elementor elementor-20\" data-elementor-post-type=\"page\">\n\t\t\t\t<main class=\"elementor-element elementor-element-0c87e81 e-flex e-con-boxed e-con e-parent\" data-id=\"0c87e81\" data-element_type=\"container\" data-e-type=\"container\" data-settings=\"{&quot;background_background&quot;:&quot;classic&quot;}\">\n\t\t\t\t\t<div class=\"e-con-inner\">\n\t\t<div class=\"elementor-element elementor-element-e94e30c e-con-full e-flex e-con e-child\" data-id=\"e94e30c\" data-element_type=\"container\" data-e-type=\"container\" data-settings=\"{&quot;background_background&quot;:&quot;classic&quot;}\">\n\t\t<div class=\"elementor-element elementor-element-635a313 e-con-full e-flex e-con e-child\" data-id=\"635a313\" data-element_type=\"container\" data-e-type=\"container\" data-settings=\"{&quot;background_background&quot;:&quot;classic&quot;}\">\n\t\t\t\t<div class=\"elementor-element elementor-element-f5421eb elementor-widget elementor-widget-text-editor\" data-id=\"f5421eb\" data-element_type=\"widget\" data-e-type=\"widget\" data-widget_type=\"text-editor.default\">\n\t\t\t\t\t\t\t\t\t<p>1999 gr\u00fcndeten wir unsere Chasselas-Weingarten, deren Hauptzweck darin bestand, Delikatessen zu produzieren und zu verkaufen.<\/p>\n<p><!-- \/wp:paragraph --><!-- wp:paragraph --><\/p>\n<p>Es hat alles bis 2014 funktioniert, als wir realisierten, dass wir wechseln mussten. Wir haben begonnen, unsere bestehenden Fl\u00e4chen mit Weintraubensorten zu bepflanzen und die Chasselas-Weingarten auf andere Sorten umzustellen, die wie folgt sind: <br \/>In den Jahren 2014 und 2015 ist Cserszegi Gew\u00fcrzig<br \/>Im Jahr 2016 Rheiner Riesling, Blaufranker und K\u00f6vinka.<br \/>Im Jahr 2018 wurde Irschauer Oliv\u00e9r<br \/>Im Jahr 2019 Tramini<br \/>Im Jahr 2020 Generosa<br \/>Im Jahr 2021 Gr\u00fcnvelteliener<\/p>\n<p><!-- \/wp:paragraph --><!-- wp:paragraph --><\/p>\n<p>Unsere Plantagen wurden mit einem Metallsterensystem, einem Reihenabstand von 3 Metern und einem Abstand von 65 cm bepflanzt.<br \/>Unsere Weingarten  liegen an der Grenze in der N\u00e4he von Kecel und Imrehegy, zwischen der Donau und der Thei\u00df ,im Komitaat B\u00e1cs-Kiskun.<\/p>\t\t\t\t\t\t\t\t<\/div>\n\t\t\t\t<div class=\"elementor-element elementor-element-3545226 elementor-align-center elementor-widget elementor-widget-button\" data-id=\"3545226\" data-element_type=\"widget\" data-e-type=\"widget\" data-widget_type=\"button.default\">\n\t\t\t\t\t\t\t\t\t\t<a class=\"elementor-button elementor-button-link elementor-size-sm\" href=\"https:\/\/her-ritt.hu\/de\/szoleszet\/rebsorten-2\/\">\n\t\t\t\t\t\t<span class=\"elementor-button-content-wrapper\">\n\t\t\t\t\t\t\t\t\t<span class=\"elementor-button-text\">Rebsorten<\/span>\n\t\t\t\t\t<\/span>\n\t\t\t\t\t<\/a>\n\t\t\t\t\t\t\t\t<\/div>\n\t\t\t\t<div class=\"elementor-element elementor-element-3db0b40 galeria elementor-pagination-position-outside elementor-widget elementor-widget-image-carousel\" data-id=\"3db0b40\" data-element_type=\"widget\" data-e-type=\"widget\" data-settings=\"{&quot;slides_to_show&quot;:&quot;6&quot;,&quot;slides_to_scroll&quot;:&quot;1&quot;,&quot;navigation&quot;:&quot;dots&quot;,&quot;image_spacing_custom&quot;:{&quot;unit&quot;:&quot;px&quot;,&quot;size&quot;:10,&quot;sizes&quot;:[]},&quot;slides_to_show_tablet&quot;:&quot;3&quot;,&quot;slides_to_show_mobile&quot;:&quot;2&quot;,&quot;autoplay&quot;:&quot;yes&quot;,&quot;pause_on_hover&quot;:&quot;yes&quot;,&quot;pause_on_interaction&quot;:&quot;yes&quot;,&quot;autoplay_speed&quot;:5000,&quot;infinite&quot;:&quot;yes&quot;,&quot;speed&quot;:500,&quot;image_spacing_custom_tablet&quot;:{&quot;unit&quot;:&quot;px&quot;,&quot;size&quot;:&quot;&quot;,&quot;sizes&quot;:[]},&quot;image_spacing_custom_mobile&quot;:{&quot;unit&quot;:&quot;px&quot;,&quot;size&quot;:&quot;&quot;,&quot;sizes&quot;:[]}}\" data-widget_type=\"image-carousel.default\">\n\t\t\t\t\t\t\t<div class=\"elementor-image-carousel-wrapper swiper\" role=\"region\" aria-roledescription=\"carousel\" aria-label=\"K\u00e9p k\u00f6rhinta\" dir=\"ltr\">\n\t\t\t<div class=\"elementor-image-carousel swiper-wrapper swiper-image-stretch\" aria-live=\"off\">\n\t\t\t\t\t\t\t\t<div class=\"swiper-slide\" role=\"group\" aria-roledescription=\"slide\" aria-label=\"1 von 10\"><a data-elementor-open-lightbox=\"yes\" data-elementor-lightbox-slideshow=\"3db0b40\" data-elementor-lightbox-title=\"IMG_1920\" data-e-action-hash=\"#elementor-action%3Aaction%3Dlightbox%26settings%3DeyJpZCI6ODk0LCJ1cmwiOiJodHRwczpcL1wvaGVyLXJpdHQuaHVcL3dwLWNvbnRlbnRcL3VwbG9hZHNcLzIwMjFcLzAyXC9JTUdfMTkyMC5qcGVnIiwic2xpZGVzaG93IjoiM2RiMGI0MCJ9\" href=\"https:\/\/her-ritt.hu\/wp-content\/uploads\/2021\/02\/IMG_1920.jpeg\"><figure class=\"swiper-slide-inner\"><img decoding=\"async\" class=\"swiper-slide-image lazyload\" data-src=\"https:\/\/her-ritt.hu\/wp-content\/uploads\/2021\/02\/IMG_1920-768x1024.jpeg\" alt=\"IMG_1920\" src=\"data:image\/svg+xml;base64,PHN2ZyB3aWR0aD0iMSIgaGVpZ2h0PSIxIiB4bWxucz0iaHR0cDovL3d3dy53My5vcmcvMjAwMC9zdmciPjwvc3ZnPg==\" style=\"--smush-placeholder-width: 768px; --smush-placeholder-aspect-ratio: 768\/1024;\" \/><\/figure><\/a><\/div><div class=\"swiper-slide\" role=\"group\" aria-roledescription=\"slide\" aria-label=\"2 von 10\"><a data-elementor-open-lightbox=\"yes\" data-elementor-lightbox-slideshow=\"3db0b40\" data-elementor-lightbox-title=\"Processed with VSCO with l6 preset\" data-e-action-hash=\"#elementor-action%3Aaction%3Dlightbox%26settings%3DeyJpZCI6ODk1LCJ1cmwiOiJodHRwczpcL1wvaGVyLXJpdHQuaHVcL3dwLWNvbnRlbnRcL3VwbG9hZHNcLzIwMjFcLzAyXC9zem9cdTAzMGJsb1x1MDMwYi0xNC5qcGciLCJzbGlkZXNob3ciOiIzZGIwYjQwIn0%3D\" href=\"https:\/\/her-ritt.hu\/wp-content\/uploads\/2021\/02\/szo\u030blo\u030b-14.jpg\"><figure class=\"swiper-slide-inner\"><img decoding=\"async\" class=\"swiper-slide-image lazyload\" data-src=\"https:\/\/her-ritt.hu\/wp-content\/uploads\/2021\/02\/szo\u030blo\u030b-14-768x1152.jpg\" alt=\"Processed with VSCO with l6 preset\" src=\"data:image\/svg+xml;base64,PHN2ZyB3aWR0aD0iMSIgaGVpZ2h0PSIxIiB4bWxucz0iaHR0cDovL3d3dy53My5vcmcvMjAwMC9zdmciPjwvc3ZnPg==\" style=\"--smush-placeholder-width: 768px; --smush-placeholder-aspect-ratio: 768\/1152;\" \/><\/figure><\/a><\/div><div class=\"swiper-slide\" role=\"group\" aria-roledescription=\"slide\" aria-label=\"3 von 10\"><a data-elementor-open-lightbox=\"yes\" data-elementor-lightbox-slideshow=\"3db0b40\" data-elementor-lightbox-title=\"IMG_1816\" data-e-action-hash=\"#elementor-action%3Aaction%3Dlightbox%26settings%3DeyJpZCI6ODkzLCJ1cmwiOiJodHRwczpcL1wvaGVyLXJpdHQuaHVcL3dwLWNvbnRlbnRcL3VwbG9hZHNcLzIwMjFcLzAyXC9JTUdfMTgxNi5qcGVnIiwic2xpZGVzaG93IjoiM2RiMGI0MCJ9\" href=\"https:\/\/her-ritt.hu\/wp-content\/uploads\/2021\/02\/IMG_1816.jpeg\"><figure class=\"swiper-slide-inner\"><img decoding=\"async\" class=\"swiper-slide-image lazyload\" data-src=\"https:\/\/her-ritt.hu\/wp-content\/uploads\/2021\/02\/IMG_1816-768x1024.jpeg\" alt=\"IMG_1816\" src=\"data:image\/svg+xml;base64,PHN2ZyB3aWR0aD0iMSIgaGVpZ2h0PSIxIiB4bWxucz0iaHR0cDovL3d3dy53My5vcmcvMjAwMC9zdmciPjwvc3ZnPg==\" style=\"--smush-placeholder-width: 768px; --smush-placeholder-aspect-ratio: 768\/1024;\" \/><\/figure><\/a><\/div><div class=\"swiper-slide\" role=\"group\" aria-roledescription=\"slide\" aria-label=\"4 von 10\"><a data-elementor-open-lightbox=\"yes\" data-elementor-lightbox-slideshow=\"3db0b40\" data-elementor-lightbox-title=\"IMG_1767\" data-e-action-hash=\"#elementor-action%3Aaction%3Dlightbox%26settings%3DeyJpZCI6ODkyLCJ1cmwiOiJodHRwczpcL1wvaGVyLXJpdHQuaHVcL3dwLWNvbnRlbnRcL3VwbG9hZHNcLzIwMjFcLzAyXC9JTUdfMTc2Ny5qcGciLCJzbGlkZXNob3ciOiIzZGIwYjQwIn0%3D\" href=\"https:\/\/her-ritt.hu\/wp-content\/uploads\/2021\/02\/IMG_1767.jpg\"><figure class=\"swiper-slide-inner\"><img decoding=\"async\" class=\"swiper-slide-image lazyload\" data-src=\"https:\/\/her-ritt.hu\/wp-content\/uploads\/2021\/02\/IMG_1767-768x1026.jpg\" alt=\"IMG_1767\" src=\"data:image\/svg+xml;base64,PHN2ZyB3aWR0aD0iMSIgaGVpZ2h0PSIxIiB4bWxucz0iaHR0cDovL3d3dy53My5vcmcvMjAwMC9zdmciPjwvc3ZnPg==\" style=\"--smush-placeholder-width: 768px; --smush-placeholder-aspect-ratio: 768\/1026;\" \/><\/figure><\/a><\/div><div class=\"swiper-slide\" role=\"group\" aria-roledescription=\"slide\" aria-label=\"5 von 10\"><a data-elementor-open-lightbox=\"yes\" data-elementor-lightbox-slideshow=\"3db0b40\" data-elementor-lightbox-title=\"IMG_1766\" data-e-action-hash=\"#elementor-action%3Aaction%3Dlightbox%26settings%3DeyJpZCI6ODkxLCJ1cmwiOiJodHRwczpcL1wvaGVyLXJpdHQuaHVcL3dwLWNvbnRlbnRcL3VwbG9hZHNcLzIwMjFcLzAyXC9JTUdfMTc2Ni5qcGciLCJzbGlkZXNob3ciOiIzZGIwYjQwIn0%3D\" href=\"https:\/\/her-ritt.hu\/wp-content\/uploads\/2021\/02\/IMG_1766.jpg\"><figure class=\"swiper-slide-inner\"><img decoding=\"async\" class=\"swiper-slide-image lazyload\" data-src=\"https:\/\/her-ritt.hu\/wp-content\/uploads\/2021\/02\/IMG_1766-768x1026.jpg\" alt=\"IMG_1766\" src=\"data:image\/svg+xml;base64,PHN2ZyB3aWR0aD0iMSIgaGVpZ2h0PSIxIiB4bWxucz0iaHR0cDovL3d3dy53My5vcmcvMjAwMC9zdmciPjwvc3ZnPg==\" style=\"--smush-placeholder-width: 768px; --smush-placeholder-aspect-ratio: 768\/1026;\" \/><\/figure><\/a><\/div><div class=\"swiper-slide\" role=\"group\" aria-roledescription=\"slide\" aria-label=\"6 von 10\"><a data-elementor-open-lightbox=\"yes\" data-elementor-lightbox-slideshow=\"3db0b40\" data-elementor-lightbox-title=\"szo\u030blo\u030b (17)\" data-e-action-hash=\"#elementor-action%3Aaction%3Dlightbox%26settings%3DeyJpZCI6OTAwLCJ1cmwiOiJodHRwczpcL1wvaGVyLXJpdHQuaHVcL3dwLWNvbnRlbnRcL3VwbG9hZHNcLzIwMjFcLzAyXC9zem9cdTAzMGJsb1x1MDMwYi0xNy5qcGciLCJzbGlkZXNob3ciOiIzZGIwYjQwIn0%3D\" href=\"https:\/\/her-ritt.hu\/wp-content\/uploads\/2021\/02\/szo\u030blo\u030b-17.jpg\"><figure class=\"swiper-slide-inner\"><img decoding=\"async\" class=\"swiper-slide-image lazyload\" data-src=\"https:\/\/her-ritt.hu\/wp-content\/uploads\/2021\/02\/szo\u030blo\u030b-17.jpg\" alt=\"szo\u030blo\u030b (17)\" src=\"data:image\/svg+xml;base64,PHN2ZyB3aWR0aD0iMSIgaGVpZ2h0PSIxIiB4bWxucz0iaHR0cDovL3d3dy53My5vcmcvMjAwMC9zdmciPjwvc3ZnPg==\" style=\"--smush-placeholder-width: 745px; --smush-placeholder-aspect-ratio: 745\/957;\" \/><\/figure><\/a><\/div><div class=\"swiper-slide\" role=\"group\" aria-roledescription=\"slide\" aria-label=\"7 von 10\"><a data-elementor-open-lightbox=\"yes\" data-elementor-lightbox-slideshow=\"3db0b40\" data-elementor-lightbox-title=\"IMG_1728\" data-e-action-hash=\"#elementor-action%3Aaction%3Dlightbox%26settings%3DeyJpZCI6ODkwLCJ1cmwiOiJodHRwczpcL1wvaGVyLXJpdHQuaHVcL3dwLWNvbnRlbnRcL3VwbG9hZHNcLzIwMjFcLzAyXC9JTUdfMTcyOC5qcGVnIiwic2xpZGVzaG93IjoiM2RiMGI0MCJ9\" href=\"https:\/\/her-ritt.hu\/wp-content\/uploads\/2021\/02\/IMG_1728.jpeg\"><figure class=\"swiper-slide-inner\"><img decoding=\"async\" class=\"swiper-slide-image lazyload\" data-src=\"https:\/\/her-ritt.hu\/wp-content\/uploads\/2021\/02\/IMG_1728-768x1024.jpeg\" alt=\"IMG_1728\" src=\"data:image\/svg+xml;base64,PHN2ZyB3aWR0aD0iMSIgaGVpZ2h0PSIxIiB4bWxucz0iaHR0cDovL3d3dy53My5vcmcvMjAwMC9zdmciPjwvc3ZnPg==\" style=\"--smush-placeholder-width: 768px; --smush-placeholder-aspect-ratio: 768\/1024;\" \/><\/figure><\/a><\/div><div class=\"swiper-slide\" role=\"group\" aria-roledescription=\"slide\" aria-label=\"8 von 10\"><a data-elementor-open-lightbox=\"yes\" data-elementor-lightbox-slideshow=\"3db0b40\" data-elementor-lightbox-title=\"IMG_1719\" data-e-action-hash=\"#elementor-action%3Aaction%3Dlightbox%26settings%3DeyJpZCI6ODg5LCJ1cmwiOiJodHRwczpcL1wvaGVyLXJpdHQuaHVcL3dwLWNvbnRlbnRcL3VwbG9hZHNcLzIwMjFcLzAyXC9JTUdfMTcxOS5qcGVnIiwic2xpZGVzaG93IjoiM2RiMGI0MCJ9\" href=\"https:\/\/her-ritt.hu\/wp-content\/uploads\/2021\/02\/IMG_1719.jpeg\"><figure class=\"swiper-slide-inner\"><img decoding=\"async\" class=\"swiper-slide-image lazyload\" data-src=\"https:\/\/her-ritt.hu\/wp-content\/uploads\/2021\/02\/IMG_1719-768x1024.jpeg\" alt=\"IMG_1719\" src=\"data:image\/svg+xml;base64,PHN2ZyB3aWR0aD0iMSIgaGVpZ2h0PSIxIiB4bWxucz0iaHR0cDovL3d3dy53My5vcmcvMjAwMC9zdmciPjwvc3ZnPg==\" style=\"--smush-placeholder-width: 768px; --smush-placeholder-aspect-ratio: 768\/1024;\" \/><\/figure><\/a><\/div><div class=\"swiper-slide\" role=\"group\" aria-roledescription=\"slide\" aria-label=\"9 von 10\"><a data-elementor-open-lightbox=\"yes\" data-elementor-lightbox-slideshow=\"3db0b40\" data-elementor-lightbox-title=\"IMG_1 (7)\" data-e-action-hash=\"#elementor-action%3Aaction%3Dlightbox%26settings%3DeyJpZCI6ODg4LCJ1cmwiOiJodHRwczpcL1wvaGVyLXJpdHQuaHVcL3dwLWNvbnRlbnRcL3VwbG9hZHNcLzIwMjFcLzAyXC9JTUdfMS03LXNjYWxlZC5qcGVnIiwic2xpZGVzaG93IjoiM2RiMGI0MCJ9\" href=\"https:\/\/her-ritt.hu\/wp-content\/uploads\/2021\/02\/IMG_1-7-scaled.jpeg\"><figure class=\"swiper-slide-inner\"><img decoding=\"async\" class=\"swiper-slide-image lazyload\" data-src=\"https:\/\/her-ritt.hu\/wp-content\/uploads\/2021\/02\/IMG_1-7-768x1152.jpeg\" alt=\"IMG_1 (7)\" src=\"data:image\/svg+xml;base64,PHN2ZyB3aWR0aD0iMSIgaGVpZ2h0PSIxIiB4bWxucz0iaHR0cDovL3d3dy53My5vcmcvMjAwMC9zdmciPjwvc3ZnPg==\" style=\"--smush-placeholder-width: 768px; --smush-placeholder-aspect-ratio: 768\/1152;\" \/><\/figure><\/a><\/div><div class=\"swiper-slide\" role=\"group\" aria-roledescription=\"slide\" aria-label=\"10 von 10\"><a data-elementor-open-lightbox=\"yes\" data-elementor-lightbox-slideshow=\"3db0b40\" data-elementor-lightbox-title=\"7A4DA3CE-EF55-4FCF-B048-3F30646D014B\" data-e-action-hash=\"#elementor-action%3Aaction%3Dlightbox%26settings%3DeyJpZCI6ODg2LCJ1cmwiOiJodHRwczpcL1wvaGVyLXJpdHQuaHVcL3dwLWNvbnRlbnRcL3VwbG9hZHNcLzIwMjFcLzAyXC83QTREQTNDRS1FRjU1LTRGQ0YtQjA0OC0zRjMwNjQ2RDAxNEIuanBnIiwic2xpZGVzaG93IjoiM2RiMGI0MCJ9\" href=\"https:\/\/her-ritt.hu\/wp-content\/uploads\/2021\/02\/7A4DA3CE-EF55-4FCF-B048-3F30646D014B.jpg\"><figure class=\"swiper-slide-inner\"><img decoding=\"async\" class=\"swiper-slide-image lazyload\" data-src=\"https:\/\/her-ritt.hu\/wp-content\/uploads\/2021\/02\/7A4DA3CE-EF55-4FCF-B048-3F30646D014B-768x767.jpg\" alt=\"7A4DA3CE-EF55-4FCF-B048-3F30646D014B\" src=\"data:image\/svg+xml;base64,PHN2ZyB3aWR0aD0iMSIgaGVpZ2h0PSIxIiB4bWxucz0iaHR0cDovL3d3dy53My5vcmcvMjAwMC9zdmciPjwvc3ZnPg==\" style=\"--smush-placeholder-width: 768px; --smush-placeholder-aspect-ratio: 768\/767;\" \/><\/figure><\/a><\/div>\t\t\t<\/div>\n\t\t\t\t\t\t\t\n\t\t\t\t\t\t\t\t\t<div class=\"swiper-pagination\"><\/div>\n\t\t\t\t\t\t\t\t\t<\/div>\n\t\t\t\t\t\t<\/div>\n\t\t\t\t<\/div>\n\t\t\t\t<\/div>\n\t\t\t\t\t<\/div>\n\t\t\t\t<\/main>\n\t\t\t\t<\/div>","protected":false},"excerpt":{"rendered":"<p>1999-ben telep\u00edtett\u00fck el Saszla \u00fcltetv\u00e9ny\u00fcnket, aminek c\u00e9lja els\u0151 sorban csemege sz\u0151l\u0151 termel\u00e9se \u00e9s \u00e9rt\u00e9kes\u00edt\u00e9se volt. Mindez 2014-ig m\u0171k\u00f6d\u00f6tt, amikor felismert\u00fck, hogy v\u00e1ltanunk kell. Megl\u00e9v\u0151 ter\u00fcleteinket elkezdt\u00fck borsz\u0151l\u0151 fajt\u00e1kkal betelep\u00edteni \u00e9s a saszla \u00fcltetv\u00e9nyt m\u00e1s fajt\u00e1kra v\u00e1ltani, melyek a k\u00f6vetkez\u0151k: 2014 \u00e9s 2015-ben Cserszegi f\u0171szeres2016-ban Rajnai rizling, K\u00e9kfrankos \u00e9s k\u00f6vidinka.2018-ban Irsai Oliv\u00e9r2019-ben Tramini2020-ban Generosa2021-ben Z\u00f6ldveltel\u00edni \u00dcltetv\u00e9nyeink [&hellip;]<\/p>\n","protected":false},"author":1,"featured_media":0,"parent":0,"menu_order":0,"comment_status":"closed","ping_status":"closed","template":"","meta":{"_acf_changed":false,"_seopress_robots_primary_cat":"","_seopress_titles_title":"","_seopress_titles_desc":"","_seopress_robots_index":"","_monsterinsights_skip_tracking":false,"_monsterinsights_sitenote_active":false,"_monsterinsights_sitenote_note":"","_monsterinsights_sitenote_category":0,"footnotes":""},"class_list":["post-20","page","type-page","status-publish"],"acf":[],"_links":{"self":[{"href":"https:\/\/her-ritt.hu\/de\/wp-json\/wp\/v2\/pages\/20","targetHints":{"allow":["GET"]}}],"collection":[{"href":"https:\/\/her-ritt.hu\/de\/wp-json\/wp\/v2\/pages"}],"about":[{"href":"https:\/\/her-ritt.hu\/de\/wp-json\/wp\/v2\/types\/page"}],"author":[{"embeddable":true,"href":"https:\/\/her-ritt.hu\/de\/wp-json\/wp\/v2\/users\/1"}],"replies":[{"embeddable":true,"href":"https:\/\/her-ritt.hu\/de\/wp-json\/wp\/v2\/comments?post=20"}],"version-history":[{"count":0,"href":"https:\/\/her-ritt.hu\/de\/wp-json\/wp\/v2\/pages\/20\/revisions"}],"wp:attachment":[{"href":"https:\/\/her-ritt.hu\/de\/wp-json\/wp\/v2\/media?parent=20"}],"curies":[{"name":"wp","href":"https:\/\/api.w.org\/{rel}","templated":true}]}}