{"id":1746,"date":"2025-05-29T04:50:57","date_gmt":"2025-05-29T04:50:57","guid":{"rendered":"https:\/\/her-ritt.hu\/?page_id=1746"},"modified":"2025-05-29T04:51:50","modified_gmt":"2025-05-29T04:51:50","slug":"impresszum","status":"publish","type":"page","link":"https:\/\/her-ritt.hu\/de\/impresszum\/","title":{"rendered":"Impressum"},"content":{"rendered":"<h2 class=\"wp-block-heading\">Firmenangaben:<\/h2>\n\n\n\n<p><strong>Name:<\/strong> <span class=\"inserted_var\">Her-Ritt Kft.<\/span><br><strong>Sitz:<\/strong> <span class=\"inserted_var\">6237 Kecel, Sz\u00f6k\u0151k\u00f6z utca 12.<\/span><br><strong>Postanschrift: <\/strong>6237 Kecel, Sz\u00f6k\u0151k\u00f6z utca 12.<br><strong>E-mail:<\/strong> <span class=\"inserted_var\">herrittkft@gmail.com<\/span><br><strong>Telefonnummer:<\/strong> <span class=\"inserted_var\">+36304889221<\/span><br><strong>Website:<\/strong> <a href=\"https:\/\/her-ritt.hu\/de\/\">https:\/\/her-ritt.hu\/<\/a><br><strong>Steuernummer:<\/strong> 11370888-2-03<br><strong>Firmenregisternummer:<\/strong><\/p>\n\n\n\n<h2 class=\"wp-block-heading\">Hosting-Anbieter:<\/h2>\n\n\n\n<p><strong>Name:<\/strong> Ruffnet Zrt.<br><strong>Adresse:<\/strong> 2161 Csom\u00e1d, Kossuth Lajos \u00fat 47.<br><strong>E-mail:<\/strong> hosting@ruffnet.hu<br><strong>Telefonnummer:<\/strong> +36306359037<br><strong>Website:<\/strong> https:\/\/www.ruffnet.hu<\/p>\n\n\n\n<div style=\"height:50px\" aria-hidden=\"true\" class=\"wp-block-spacer\"><\/div>","protected":false},"excerpt":{"rendered":"<p>C\u00e9gadatok: N\u00e9v: Her-Ritt Kft.Sz\u00e9khely: 6237 Kecel, Sz\u00f6k\u0151k\u00f6z utca 12.Levelez\u00e9si c\u00edm: 6237 Kecel, Sz\u00f6k\u0151k\u00f6z utca 12.E-mail: herrittkft@gmail.comTelefonsz\u00e1m: +36304889221Weboldal: https:\/\/her-ritt.hu\/Ad\u00f3sz\u00e1m: 11370888-2-03C\u00e9gjegyz\u00e9ksz\u00e1m: T\u00e1rhelyszolg\u00e1ltat\u00f3: N\u00e9v: Ruffnet Zrt.C\u00edm: 2161 Csom\u00e1d, Kossuth Lajos \u00fat 47.E-mail c\u00edm: hosting@ruffnet.huTelefonsz\u00e1m: +36306359037Weboldal: https:\/\/www.ruffnet.hu<\/p>","protected":false},"author":1,"featured_media":0,"parent":0,"menu_order":0,"comment_status":"closed","ping_status":"closed","template":"","meta":{"_acf_changed":false,"_seopress_robots_primary_cat":"","_seopress_titles_title":"","_seopress_titles_desc":"","_seopress_robots_index":"","_monsterinsights_skip_tracking":false,"_monsterinsights_sitenote_active":false,"_monsterinsights_sitenote_note":"","_monsterinsights_sitenote_category":0,"footnotes":""},"class_list":["post-1746","page","type-page","status-publish"],"acf":[],"_links":{"self":[{"href":"https:\/\/her-ritt.hu\/de\/wp-json\/wp\/v2\/pages\/1746","targetHints":{"allow":["GET"]}}],"collection":[{"href":"https:\/\/her-ritt.hu\/de\/wp-json\/wp\/v2\/pages"}],"about":[{"href":"https:\/\/her-ritt.hu\/de\/wp-json\/wp\/v2\/types\/page"}],"author":[{"embeddable":true,"href":"https:\/\/her-ritt.hu\/de\/wp-json\/wp\/v2\/users\/1"}],"replies":[{"embeddable":true,"href":"https:\/\/her-ritt.hu\/de\/wp-json\/wp\/v2\/comments?post=1746"}],"version-history":[{"count":0,"href":"https:\/\/her-ritt.hu\/de\/wp-json\/wp\/v2\/pages\/1746\/revisions"}],"wp:attachment":[{"href":"https:\/\/her-ritt.hu\/de\/wp-json\/wp\/v2\/media?parent=1746"}],"curies":[{"name":"wp","href":"https:\/\/api.w.org\/{rel}","templated":true}]}}